{"id":62,"date":"2025-03-14T11:09:52","date_gmt":"2025-03-14T10:09:52","guid":{"rendered":"https:\/\/www.lara-dieteticienne-25.fr\/?page_id=62"},"modified":"2025-03-14T11:23:40","modified_gmt":"2025-03-14T10:23:40","slug":"prestations-2","status":"publish","type":"page","link":"https:\/\/www.lara-dieteticienne-25.fr\/index.php\/prestations-2\/","title":{"rendered":"Prestations"},"content":{"rendered":"<style type=\"text\/css\">\n#foogallery-gallery-77 .fg-image { width: 300px; }<\/style>\n\t\t\t<div class=\"foogallery foogallery-container foogallery-carousel foogallery-lightbox-foogallery fg-carousel fg-ready fg-light fg-border-thin fg-shadow-outline fg-loading-default fg-loaded-fade-in fg-caption-hover fg-hover-fade fg-hover-zoom\" id=\"foogallery-gallery-77\" data-foogallery=\"{&quot;item&quot;:{&quot;showCaptionTitle&quot;:true,&quot;showCaptionDescription&quot;:true},&quot;lazy&quot;:true,&quot;template&quot;:{&quot;maxItems&quot;:5,&quot;scale&quot;:0.12,&quot;gutter&quot;:{&quot;min&quot;:-40,&quot;max&quot;:-20,&quot;unit&quot;:&quot;%&quot;},&quot;autoplay&quot;:{&quot;time&quot;:0,&quot;interaction&quot;:&quot;pause&quot;},&quot;centerOnClick&quot;:true}}\" data-foogallery-lightbox=\"{&quot;thumbs&quot;:&quot;bottom&quot;,&quot;thumbsCaptions&quot;:false,&quot;thumbsBestFit&quot;:false,&quot;thumbsSmall&quot;:false,&quot;thumbsCaptionsAlign&quot;:&quot;default&quot;,&quot;info&quot;:&quot;bottom&quot;,&quot;infoVisible&quot;:true,&quot;infoOverlay&quot;:true,&quot;infoAlign&quot;:&quot;default&quot;,&quot;transition&quot;:&quot;fade&quot;,&quot;hoverButtons&quot;:false,&quot;fitMedia&quot;:false,&quot;noScrollbars&quot;:true,&quot;preserveButtonSpace&quot;:true,&quot;buttons&quot;:{&quot;fullscreen&quot;:true,&quot;info&quot;:true,&quot;thumbs&quot;:false},&quot;video&quot;:{&quot;autoPlay&quot;:true}}\" style=\"--fg-title-line-clamp: 0; --fg-description-line-clamp: 0;\" >\n\t<button type=\"button\" class=\"fg-carousel-prev\" title=\"Previous\"><\/button>\n\t<div class=\"fg-carousel-inner\">\n\t\t<div class=\"fg-carousel-center\"><\/div>\n\t\t<div class=\"fg-item fg-type-image fg-idle\"><figure class=\"fg-item-inner\"><a href=\"https:\/\/www.lara-dieteticienne-25.fr\/wp-content\/uploads\/2025\/03\/302423313_1519380331829175_8470863515803565371_n.png\" data-attachment-id=\"49\" data-type=\"image\" class=\"fg-thumb\"><span class=\"fg-image-wrap\"><img fetchpriority=\"high\" decoding=\"async\" width=\"300\" height=\"300\" class=\"skip-lazy fg-image\" data-src-fg=\"https:\/\/www.lara-dieteticienne-25.fr\/wp-content\/uploads\/cache\/2025\/03\/302423313_1519380331829175_8470863515803565371_n\/833902495.png\" src=\"data:image\/svg+xml,%3Csvg%20xmlns%3D%22http%3A%2F%2Fwww.w3.org%2F2000%2Fsvg%22%20width%3D%22300%22%20height%3D%22300%22%20viewBox%3D%220%200%20300%20300%22%3E%3C%2Fsvg%3E\" loading=\"eager\"><\/span><span class=\"fg-image-overlay\"><\/span><\/a><\/figure><div class=\"fg-loader\"><\/div><\/div><div class=\"fg-item fg-type-image fg-idle\"><figure class=\"fg-item-inner\"><a href=\"https:\/\/www.lara-dieteticienne-25.fr\/wp-content\/uploads\/2025\/03\/228927346_1256970574736820_6291059773103197230_n.jpg\" data-attachment-id=\"47\" data-type=\"image\" class=\"fg-thumb\"><span class=\"fg-image-wrap\"><img decoding=\"async\" width=\"300\" height=\"300\" class=\"skip-lazy fg-image\" data-src-fg=\"https:\/\/www.lara-dieteticienne-25.fr\/wp-content\/uploads\/cache\/2025\/03\/228927346_1256970574736820_6291059773103197230_n\/253116075.jpg\" src=\"data:image\/svg+xml,%3Csvg%20xmlns%3D%22http%3A%2F%2Fwww.w3.org%2F2000%2Fsvg%22%20width%3D%22300%22%20height%3D%22300%22%20viewBox%3D%220%200%20300%20300%22%3E%3C%2Fsvg%3E\" loading=\"eager\"><\/span><span class=\"fg-image-overlay\"><\/span><\/a><\/figure><div class=\"fg-loader\"><\/div><\/div><div class=\"fg-item fg-type-image fg-idle\"><figure class=\"fg-item-inner\"><a href=\"https:\/\/www.lara-dieteticienne-25.fr\/wp-content\/uploads\/2025\/03\/302478478_1520001155100426_3318969659719172039_n.png\" data-attachment-id=\"48\" data-type=\"image\" class=\"fg-thumb\"><span class=\"fg-image-wrap\"><img decoding=\"async\" width=\"300\" height=\"300\" class=\"skip-lazy fg-image\" data-src-fg=\"https:\/\/www.lara-dieteticienne-25.fr\/wp-content\/uploads\/cache\/2025\/03\/302478478_1520001155100426_3318969659719172039_n\/15844527.png\" src=\"data:image\/svg+xml,%3Csvg%20xmlns%3D%22http%3A%2F%2Fwww.w3.org%2F2000%2Fsvg%22%20width%3D%22300%22%20height%3D%22300%22%20viewBox%3D%220%200%20300%20300%22%3E%3C%2Fsvg%3E\" loading=\"eager\"><\/span><span class=\"fg-image-overlay\"><\/span><\/a><\/figure><div class=\"fg-loader\"><\/div><\/div><div class=\"fg-item fg-type-image fg-idle\"><figure class=\"fg-item-inner\"><a href=\"https:\/\/www.lara-dieteticienne-25.fr\/wp-content\/uploads\/2025\/03\/248258831_1313452605755283_8065194062014826565_n.jpg\" data-attachment-id=\"46\" data-type=\"image\" class=\"fg-thumb\"><span class=\"fg-image-wrap\"><img decoding=\"async\" width=\"300\" height=\"300\" class=\"skip-lazy fg-image\" data-src-fg=\"https:\/\/www.lara-dieteticienne-25.fr\/wp-content\/uploads\/cache\/2025\/03\/248258831_1313452605755283_8065194062014826565_n\/2784273338.jpg\" src=\"data:image\/svg+xml,%3Csvg%20xmlns%3D%22http%3A%2F%2Fwww.w3.org%2F2000%2Fsvg%22%20width%3D%22300%22%20height%3D%22300%22%20viewBox%3D%220%200%20300%20300%22%3E%3C%2Fsvg%3E\" loading=\"eager\"><\/span><span class=\"fg-image-overlay\"><\/span><\/a><\/figure><div class=\"fg-loader\"><\/div><\/div><div class=\"fg-item fg-type-image fg-idle\"><figure class=\"fg-item-inner\"><a href=\"https:\/\/www.lara-dieteticienne-25.fr\/wp-content\/uploads\/2025\/03\/247462404_1313452532421957_925007873048321289_n.jpg\" data-attachment-id=\"45\" data-type=\"image\" class=\"fg-thumb\"><span class=\"fg-image-wrap\"><img decoding=\"async\" width=\"300\" height=\"300\" class=\"skip-lazy fg-image\" data-src-fg=\"https:\/\/www.lara-dieteticienne-25.fr\/wp-content\/uploads\/cache\/2025\/03\/247462404_1313452532421957_925007873048321289_n\/3110252684.jpg\" src=\"data:image\/svg+xml,%3Csvg%20xmlns%3D%22http%3A%2F%2Fwww.w3.org%2F2000%2Fsvg%22%20width%3D%22300%22%20height%3D%22300%22%20viewBox%3D%220%200%20300%20300%22%3E%3C%2Fsvg%3E\" loading=\"eager\"><\/span><span class=\"fg-image-overlay\"><\/span><\/a><\/figure><div class=\"fg-loader\"><\/div><\/div>\t<\/div>\n\t<div class=\"fg-carousel-bottom\"><\/div>\n\t<div class=\"fg-carousel-progress\"><\/div>\n\t<button type=\"button\" class=\"fg-carousel-next\" title=\"Suiv.\"><\/button>\n<\/div>\n\n\n<div class=\"wp-block-columns are-vertically-aligned-top presta is-layout-flex wp-container-core-columns-is-layout-9d6595d7 wp-block-columns-is-layout-flex\">\n<div class=\"wp-block-column is-vertically-aligned-top is-layout-flow wp-block-column-is-layout-flow\">\n<p class=\"colonne has-white-background-color has-background\">D\u00e9couvrez mes ateliers et conf\u00e9rences de nutrition personnalis\u00e9s, sp\u00e9cialement con\u00e7us pour r\u00e9pondre aux besoins uniques de divers publics. Que vous soyez une entreprise souhaitant promouvoir le bien-\u00eatre au travail, une \u00e9cole d\u00e9sireuse d&rsquo;enseigner de saines habitudes alimentaires aux enfants, une association cherchant \u00e0 sensibiliser ses membres, ou une collectivit\u00e9 souhaitant am\u00e9liorer la sant\u00e9 de ses r\u00e9sidents, j&rsquo;ai des programmes adapt\u00e9s pour vous.<\/p>\n<\/div>\n\n\n\n<div class=\"wp-block-column is-vertically-aligned-top is-layout-flow wp-block-column-is-layout-flow\">\n<p class=\"colonne has-white-background-color has-background\">Mes sessions interactives et \u00e9ducatives vous aideront \u00e0 atteindre vos objectifs nutritionnels et \u00e0 vivre mieux. En entreprise, boostez la productivit\u00e9 et le bien-\u00eatre de vos \u00e9quipes. Dans les \u00e9coles, enseignez aux enfants l&rsquo;importance d&rsquo;une alimentation \u00e9quilibr\u00e9e d\u00e8s le plus jeune \u00e2ge. Pour les associations et collectivit\u00e9s, offrez \u00e0 vos membres et r\u00e9sidents les cl\u00e9s d&rsquo;une vie plus saine et \u00e9quilibr\u00e9e.<\/p>\n<\/div>\n\n\n\n<div class=\"wp-block-column is-vertically-aligned-top is-layout-flow wp-block-column-is-layout-flow\">\n<p class=\"colonne has-white-background-color has-background\">Parce que chaque \u00e9tape de la vie et chaque communaut\u00e9 m\u00e9rite une attention particuli\u00e8re, je suis l\u00e0 pour vous guider vers une sant\u00e9 optimale. Rejoignez moi et transformez votre approche de la nutrition d\u00e8s aujourd&rsquo;hui.<\/p>\n\n\n\n<figure class=\"wp-block-image size-large\"><img loading=\"lazy\" decoding=\"async\" width=\"1024\" height=\"1024\" src=\"https:\/\/www.lara-dieteticienne-25.fr\/wp-content\/uploads\/2025\/03\/Fichier_000-5-1024x1024.png\" alt=\"\" class=\"wp-image-33\" srcset=\"https:\/\/www.lara-dieteticienne-25.fr\/wp-content\/uploads\/2025\/03\/Fichier_000-5-1024x1024.png 1024w, https:\/\/www.lara-dieteticienne-25.fr\/wp-content\/uploads\/2025\/03\/Fichier_000-5-150x150.png 150w, https:\/\/www.lara-dieteticienne-25.fr\/wp-content\/uploads\/2025\/03\/Fichier_000-5-300x300.png 300w, https:\/\/www.lara-dieteticienne-25.fr\/wp-content\/uploads\/2025\/03\/Fichier_000-5-768x768.png 768w, https:\/\/www.lara-dieteticienne-25.fr\/wp-content\/uploads\/2025\/03\/Fichier_000-5.png 1080w\" sizes=\"auto, (max-width: 1024px) 100vw, 1024px\" \/><\/figure>\n<\/div>\n<\/div>\n\n\n\n<div class=\"wp-block-buttons is-content-justification-center is-layout-flex wp-container-core-buttons-is-layout-16018d1d wp-block-buttons-is-layout-flex\">\n<div class=\"wp-block-button bouton\"><a class=\"wp-block-button__link has-text-align-center wp-element-button\" href=\"https:\/\/lara-dieteticienne-25.fr\/index.php\/contact\/\">Me contacter<\/a><\/div>\n<\/div>\n\n\n\n<p><\/p>\n","protected":false},"excerpt":{"rendered":"<p>D\u00e9couvrez mes ateliers et conf\u00e9rences de nutrition personnalis\u00e9s, sp\u00e9cialement con\u00e7us pour r\u00e9pondre aux besoins uniques de divers publics. Que vous soyez une entreprise souhaitant promouvoir le bien-\u00eatre au travail, une &hellip; <\/p>\n","protected":false},"author":1,"featured_media":0,"parent":0,"menu_order":0,"comment_status":"closed","ping_status":"closed","template":"","meta":{"footnotes":""},"class_list":["post-62","page","type-page","status-publish","hentry"],"_links":{"self":[{"href":"https:\/\/www.lara-dieteticienne-25.fr\/index.php\/wp-json\/wp\/v2\/pages\/62","targetHints":{"allow":["GET"]}}],"collection":[{"href":"https:\/\/www.lara-dieteticienne-25.fr\/index.php\/wp-json\/wp\/v2\/pages"}],"about":[{"href":"https:\/\/www.lara-dieteticienne-25.fr\/index.php\/wp-json\/wp\/v2\/types\/page"}],"author":[{"embeddable":true,"href":"https:\/\/www.lara-dieteticienne-25.fr\/index.php\/wp-json\/wp\/v2\/users\/1"}],"replies":[{"embeddable":true,"href":"https:\/\/www.lara-dieteticienne-25.fr\/index.php\/wp-json\/wp\/v2\/comments?post=62"}],"version-history":[{"count":2,"href":"https:\/\/www.lara-dieteticienne-25.fr\/index.php\/wp-json\/wp\/v2\/pages\/62\/revisions"}],"predecessor-version":[{"id":78,"href":"https:\/\/www.lara-dieteticienne-25.fr\/index.php\/wp-json\/wp\/v2\/pages\/62\/revisions\/78"}],"wp:attachment":[{"href":"https:\/\/www.lara-dieteticienne-25.fr\/index.php\/wp-json\/wp\/v2\/media?parent=62"}],"curies":[{"name":"wp","href":"https:\/\/api.w.org\/{rel}","templated":true}]}}